{"id":2071,"date":"2022-05-24T23:27:58","date_gmt":"2022-05-25T02:27:58","guid":{"rendered":"https:\/\/abpa.annaerbetta.com\/index.php\/documentos\/cartas-de-ouro-preto-copy\/"},"modified":"2022-06-27T12:27:48","modified_gmt":"2022-06-27T15:27:48","slug":"codigo-de-etica","status":"publish","type":"page","link":"https:\/\/abpa.annaerbetta.com\/index.php\/documentos\/codigo-de-etica\/","title":{"rendered":"C\u00f3digo de \u00e9tica"},"content":{"rendered":"\t\t<div data-elementor-type=\"wp-page\" data-elementor-id=\"2071\" class=\"elementor elementor-2071\">\n\t\t\t\t\t\t\t\t\t<section class=\"elementor-section elementor-top-section elementor-element elementor-element-a39ed88 elementor-section-height-min-height elementor-section-boxed elementor-section-height-default elementor-section-items-middle\" data-id=\"a39ed88\" data-element_type=\"section\" data-settings=\"{&quot;background_background&quot;:&quot;classic&quot;}\">\n\t\t\t\t\t\t\t<div class=\"elementor-background-overlay\"><\/div>\n\t\t\t\t\t\t\t<div class=\"elementor-container elementor-column-gap-default\">\n\t\t\t\t\t<div class=\"elementor-column elementor-col-100 elementor-top-column elementor-element elementor-element-245836e\" data-id=\"245836e\" data-element_type=\"column\">\n\t\t\t<div class=\"elementor-widget-wrap elementor-element-populated\">\n\t\t\t\t\t\t\t\t<div class=\"elementor-element elementor-element-89602e1 elementor-widget elementor-widget-heading\" data-id=\"89602e1\" data-element_type=\"widget\" data-widget_type=\"heading.default\">\n\t\t\t\t<div class=\"elementor-widget-container\">\n\t\t\t<style>\/*! elementor - v3.6.5 - 27-04-2022 *\/\n.elementor-heading-title{padding:0;margin:0;line-height:1}.elementor-widget-heading .elementor-heading-title[class*=elementor-size-]>a{color:inherit;font-size:inherit;line-height:inherit}.elementor-widget-heading .elementor-heading-title.elementor-size-small{font-size:15px}.elementor-widget-heading .elementor-heading-title.elementor-size-medium{font-size:19px}.elementor-widget-heading .elementor-heading-title.elementor-size-large{font-size:29px}.elementor-widget-heading .elementor-heading-title.elementor-size-xl{font-size:39px}.elementor-widget-heading .elementor-heading-title.elementor-size-xxl{font-size:59px}<\/style><h1 class=\"elementor-heading-title elementor-size-default\">C\u00f3digo de \u00e9tica<\/h1>\t\t<\/div>\n\t\t\t\t<\/div>\n\t\t\t\t<div class=\"elementor-element elementor-element-cc741ec elementor-absolute elementor-widget__width-initial elementor-widget elementor-widget-heading\" data-id=\"cc741ec\" data-element_type=\"widget\" data-settings=\"{&quot;motion_fx_motion_fx_scrolling&quot;:&quot;yes&quot;,&quot;motion_fx_translateX_effect&quot;:&quot;yes&quot;,&quot;motion_fx_translateX_direction&quot;:&quot;negative&quot;,&quot;motion_fx_translateX_speed&quot;:{&quot;unit&quot;:&quot;px&quot;,&quot;size&quot;:7.4,&quot;sizes&quot;:[]},&quot;_position&quot;:&quot;absolute&quot;,&quot;motion_fx_translateX_affectedRange&quot;:{&quot;unit&quot;:&quot;%&quot;,&quot;size&quot;:&quot;&quot;,&quot;sizes&quot;:{&quot;start&quot;:0,&quot;end&quot;:100}},&quot;motion_fx_devices&quot;:[&quot;desktop&quot;,&quot;tablet&quot;,&quot;mobile&quot;]}\" data-widget_type=\"heading.default\">\n\t\t\t\t<div class=\"elementor-widget-container\">\n\t\t\t<h1 class=\"elementor-heading-title elementor-size-default\">C\u00f3digo de \u00e9tica<\/h1>\t\t<\/div>\n\t\t\t\t<\/div>\n\t\t\t\t\t<\/div>\n\t\t<\/div>\n\t\t\t\t\t\t\t<\/div>\n\t\t<\/section>\n\t\t\t\t<section class=\"elementor-section elementor-top-section elementor-element elementor-element-4e5dfb1 elementor-section-boxed elementor-section-height-default elementor-section-height-default\" data-id=\"4e5dfb1\" data-element_type=\"section\">\n\t\t\t\t\t\t<div class=\"elementor-container elementor-column-gap-default\">\n\t\t\t\t\t<div class=\"elementor-column elementor-col-100 elementor-top-column elementor-element elementor-element-17bece6\" data-id=\"17bece6\" data-element_type=\"column\">\n\t\t\t<div class=\"elementor-widget-wrap elementor-element-populated\">\n\t\t\t\t\t\t\t\t<div class=\"elementor-element elementor-element-dc99dda elementor-widget elementor-widget-text-editor\" data-id=\"dc99dda\" data-element_type=\"widget\" data-widget_type=\"text-editor.default\">\n\t\t\t\t<div class=\"elementor-widget-container\">\n\t\t\t<style>\/*! elementor - v3.6.5 - 27-04-2022 *\/\n.elementor-widget-text-editor.elementor-drop-cap-view-stacked .elementor-drop-cap{background-color:#818a91;color:#fff}.elementor-widget-text-editor.elementor-drop-cap-view-framed .elementor-drop-cap{color:#818a91;border:3px solid;background-color:transparent}.elementor-widget-text-editor:not(.elementor-drop-cap-view-default) .elementor-drop-cap{margin-top:8px}.elementor-widget-text-editor:not(.elementor-drop-cap-view-default) .elementor-drop-cap-letter{width:1em;height:1em}.elementor-widget-text-editor .elementor-drop-cap{float:left;text-align:center;line-height:1;font-size:50px}.elementor-widget-text-editor .elementor-drop-cap-letter{display:inline-block}<\/style>\t\t\t\t<p>O C\u00f3digo de \u00c9tica da Associa\u00e7\u00e3o Brasileira de Preserva\u00e7\u00e3o Audiovisual foi elaborado por seus membros e aprovado em 27 de junho de 2016 durante Assembleia&nbsp;Geral Ordin\u00e1ria. Corresponde \u00e0 regulamenta\u00e7\u00e3o de padr\u00f5es \u00e9ticos para suas&nbsp;atividades. Este C\u00f3digo reflete os princ\u00edpios adotados pela comunidade que atua na&nbsp;preserva\u00e7\u00e3o do audiovisual. A ades\u00e3o \u00e0 ABPA implica na autom\u00e1tica aceita\u00e7\u00e3o do&nbsp;C\u00f3digo de \u00c9tica.<\/p>\n<p><b>C\u00f3digo de \u00c9tica<\/b><\/p>\n<p>A Associa\u00e7\u00e3o Brasileira de Preserva\u00e7\u00e3o Audiovisual re\u00fane profissionais e pessoas que atuam no Brasil na \u00e1rea da preserva\u00e7\u00e3o audiovisual e reconhece a diversidade de seu quadro de associados. Ao mesmo tempo, a ABPA espera que cada associado atue como guardi\u00e3o de nosso patrim\u00f4nio audiovisual e concentre seus esfor\u00e7os na concretiza\u00e7\u00e3o dos seguintes objetivos:<\/p>\n<p><ol><li>O respeito ao valor das imagens, fixas e em movimento, sons e materiais&nbsp;documentais a eles relacionados, em seus mais variados suportes, tendo em vista sua&nbsp;significa\u00e7\u00e3o cultural, hist\u00f3rica e art\u00edstica.<\/li><li><span style=\"background-color: transparent; color: var( --e-global-color-text );\">A garantia das melhores condi\u00e7\u00f5es poss\u00edveis de armazenamento para os artefatos&nbsp;sob sua guarda, independentemente de seu suporte e formato.<\/span><br><\/li><li><span style=\"background-color: transparent; color: var( --e-global-color-text );\">O est\u00edmulo ao desenvolvimento e amplia\u00e7\u00e3o de acervos, bem como a produ\u00e7\u00e3o de&nbsp;conhecimento sobre a \u00e1rea, incluindo a organiza\u00e7\u00e3o e disposi\u00e7\u00e3o do conte\u00fado dos&nbsp;acervos.<\/span><br><\/li><li><span style=\"background-color: transparent; color: var( --e-global-color-text );\">O est\u00edmulo \u00e0 ado\u00e7\u00e3o de pol\u00edticas de acervo que definam o seu \u00e2mbito e&nbsp;estabele\u00e7am como devem ser administrados.<\/span><br><\/li><li>O restauro dos artefatos com a menor interven\u00e7\u00e3o poss\u00edvel em suas caracter\u00edsticas&nbsp;originais. Todas as etapas e decis\u00f5es de restauro, devidamente registradas e&nbsp;documentadas, devem, portanto, ser coerentes com a cria\u00e7\u00e3o original, de forma a&nbsp;garantir que outros procedimentos de restaura\u00e7\u00e3o possam utilizar, aperfei\u00e7oar e rever&nbsp;t\u00e9cnicas e condutas empregadas.<\/li><li>O equil\u00edbrio entre as prioridades de prote\u00e7\u00e3o da integridade f\u00edsica dos artefatos, e a&nbsp;possibilidade de amplo acesso a eles de forma segura e democr\u00e1tica.<\/li><li>A amplia\u00e7\u00e3o da difus\u00e3o e acesso aos conte\u00fados respeitando a legisla\u00e7\u00e3o vigente.<\/li><li>A apresenta\u00e7\u00e3o dos itens do acervo em formatos o mais pr\u00f3ximo poss\u00edvel de seus&nbsp;originais. Devendo-se, em todos os casos, contextualizar os itens com informa\u00e7\u00f5es&nbsp;adequadas e explicitar as circunst\u00e2ncias de suas apresenta\u00e7\u00f5es originais.<\/li><li>O compromisso de que profissionais que cuidem de acervos devem se abster de&nbsp;explorar em seu benef\u00edcio pessoal os itens que os comp\u00f5em.<\/li><li>O procedimento leal e de boa f\u00e9 nas rela\u00e7\u00f5es profissionais e nos atos do of\u00edcio de&nbsp;preserva\u00e7\u00e3o do patrim\u00f4nio cultural.<\/li><li>O compartilhamento de informa\u00e7\u00f5es, especializa\u00e7\u00f5es e conhecimentos t\u00e9cnicos, e&nbsp;a colabora\u00e7\u00e3o com os colegas de forma a que se possa manter e melhorar as condi\u00e7\u00f5es dos artefatos.<\/li><li>A colabora\u00e7\u00e3o com os colegas na prote\u00e7\u00e3o de materiais sob alto risco que possam&nbsp;ser submetidos \u00e0 destrui\u00e7\u00e3o devido a mudan\u00e7as de procedimentos legais ou \u00e0&nbsp;impossibilidade de governos, institui\u00e7\u00f5es e indiv\u00edduos de propiciar cuidados&nbsp;permanentes aos materiais. A prote\u00e7\u00e3o dos materiais amea\u00e7ados deve acontecer&nbsp;independentemente de suporte, formato ou ju\u00edzo de valor.<\/li><li>O comprometimento \u00e9tico em rela\u00e7\u00e3o \u00e0 ABPA e seus associados.<\/li><\/ol><\/p>\t\t\t\t\t\t<\/div>\n\t\t\t\t<\/div>\n\t\t\t\t\t<\/div>\n\t\t<\/div>\n\t\t\t\t\t\t\t<\/div>\n\t\t<\/section>\n\t\t\t\t\t\t\t<\/div>\n\t\t","protected":false},"excerpt":{"rendered":"<p>C\u00f3digo de \u00e9tica C\u00f3digo de \u00e9tica O C\u00f3digo de \u00c9tica da Associa\u00e7\u00e3o Brasileira de Preserva\u00e7\u00e3o Audiovisual foi elaborado por seus membros e aprovado em 27 de junho de 2016 durante Assembleia&nbsp;Geral Ordin\u00e1ria. Corresponde \u00e0 regulamenta\u00e7\u00e3o de padr\u00f5es \u00e9ticos para suas&nbsp;atividades. Este C\u00f3digo reflete os princ\u00edpios adotados pela comunidade que atua na&nbsp;preserva\u00e7\u00e3o do audiovisual. A ades\u00e3o [&hellip;]<\/p>\n","protected":false},"author":1,"featured_media":0,"parent":1912,"menu_order":0,"comment_status":"closed","ping_status":"closed","template":"","meta":{"footnotes":""},"class_list":["post-2071","page","type-page","status-publish","hentry"],"_links":{"self":[{"href":"https:\/\/abpa.annaerbetta.com\/index.php\/wp-json\/wp\/v2\/pages\/2071","targetHints":{"allow":["GET"]}}],"collection":[{"href":"https:\/\/abpa.annaerbetta.com\/index.php\/wp-json\/wp\/v2\/pages"}],"about":[{"href":"https:\/\/abpa.annaerbetta.com\/index.php\/wp-json\/wp\/v2\/types\/page"}],"author":[{"embeddable":true,"href":"https:\/\/abpa.annaerbetta.com\/index.php\/wp-json\/wp\/v2\/users\/1"}],"replies":[{"embeddable":true,"href":"https:\/\/abpa.annaerbetta.com\/index.php\/wp-json\/wp\/v2\/comments?post=2071"}],"version-history":[{"count":7,"href":"https:\/\/abpa.annaerbetta.com\/index.php\/wp-json\/wp\/v2\/pages\/2071\/revisions"}],"predecessor-version":[{"id":2432,"href":"https:\/\/abpa.annaerbetta.com\/index.php\/wp-json\/wp\/v2\/pages\/2071\/revisions\/2432"}],"up":[{"embeddable":true,"href":"https:\/\/abpa.annaerbetta.com\/index.php\/wp-json\/wp\/v2\/pages\/1912"}],"wp:attachment":[{"href":"https:\/\/abpa.annaerbetta.com\/index.php\/wp-json\/wp\/v2\/media?parent=2071"}],"curies":[{"name":"wp","href":"https:\/\/api.w.org\/{rel}","templated":true}]}}