{"id":2576,"date":"2022-08-05T17:39:47","date_gmt":"2022-08-05T20:39:47","guid":{"rendered":"https:\/\/abpa.annaerbetta.com\/?page_id=2576"},"modified":"2022-08-05T17:40:24","modified_gmt":"2022-08-05T20:40:24","slug":"apoie-a-abpa","status":"publish","type":"page","link":"https:\/\/abpa.annaerbetta.com\/index.php\/apoie-a-abpa\/","title":{"rendered":"Apoie a ABPA"},"content":{"rendered":"\t\t<div data-elementor-type=\"wp-page\" data-elementor-id=\"2576\" class=\"elementor elementor-2576\">\n\t\t\t\t\t\t\t\t\t<section class=\"elementor-section elementor-top-section elementor-element elementor-element-594ec9d7 elementor-section-boxed elementor-section-height-default elementor-section-height-default\" data-id=\"594ec9d7\" data-element_type=\"section\">\n\t\t\t\t\t\t<div class=\"elementor-container elementor-column-gap-default\">\n\t\t\t\t\t<div class=\"elementor-column elementor-col-50 elementor-top-column elementor-element elementor-element-2679dbd\" data-id=\"2679dbd\" data-element_type=\"column\">\n\t\t\t<div class=\"elementor-widget-wrap elementor-element-populated\">\n\t\t\t\t\t\t\t\t<div class=\"elementor-element elementor-element-6a32d7a2 elementor-widget elementor-widget-heading\" data-id=\"6a32d7a2\" data-element_type=\"widget\" data-widget_type=\"heading.default\">\n\t\t\t\t<div class=\"elementor-widget-container\">\n\t\t\t<style>\/*! elementor - v3.6.5 - 27-04-2022 *\/\n.elementor-heading-title{padding:0;margin:0;line-height:1}.elementor-widget-heading .elementor-heading-title[class*=elementor-size-]>a{color:inherit;font-size:inherit;line-height:inherit}.elementor-widget-heading .elementor-heading-title.elementor-size-small{font-size:15px}.elementor-widget-heading .elementor-heading-title.elementor-size-medium{font-size:19px}.elementor-widget-heading .elementor-heading-title.elementor-size-large{font-size:29px}.elementor-widget-heading .elementor-heading-title.elementor-size-xl{font-size:39px}.elementor-widget-heading .elementor-heading-title.elementor-size-xxl{font-size:59px}<\/style><h2 class=\"elementor-heading-title elementor-size-default\">Apoie a ABPA<\/h2>\t\t<\/div>\n\t\t\t\t<\/div>\n\t\t\t\t<div class=\"elementor-element elementor-element-4a25152 elementor-widget elementor-widget-text-editor\" data-id=\"4a25152\" data-element_type=\"widget\" data-widget_type=\"text-editor.default\">\n\t\t\t\t<div class=\"elementor-widget-container\">\n\t\t\t<style>\/*! elementor - v3.6.5 - 27-04-2022 *\/\n.elementor-widget-text-editor.elementor-drop-cap-view-stacked .elementor-drop-cap{background-color:#818a91;color:#fff}.elementor-widget-text-editor.elementor-drop-cap-view-framed .elementor-drop-cap{color:#818a91;border:3px solid;background-color:transparent}.elementor-widget-text-editor:not(.elementor-drop-cap-view-default) .elementor-drop-cap{margin-top:8px}.elementor-widget-text-editor:not(.elementor-drop-cap-view-default) .elementor-drop-cap-letter{width:1em;height:1em}.elementor-widget-text-editor .elementor-drop-cap{float:left;text-align:center;line-height:1;font-size:50px}.elementor-widget-text-editor .elementor-drop-cap-letter{display:inline-block}<\/style>\t\t\t\t<p>Para realizar doa\u00e7\u00f5es para a ABPA, utilize os dados banc\u00e1rios ao lado.<br \/>Para outros tipo de apoio ou parcerias, entre em contato pelo email\u00a0<a href=\"mailto:contato@abpa.org.br\" target=\"_blank\" rel=\"noopener\">contato@abpa.org.br<\/a><\/p>\t\t\t\t\t\t<\/div>\n\t\t\t\t<\/div>\n\t\t\t\t\t<\/div>\n\t\t<\/div>\n\t\t\t\t<div class=\"elementor-column elementor-col-50 elementor-top-column elementor-element elementor-element-3b9806a5\" data-id=\"3b9806a5\" data-element_type=\"column\" data-settings=\"{&quot;background_background&quot;:&quot;classic&quot;}\">\n\t\t\t<div class=\"elementor-widget-wrap elementor-element-populated\">\n\t\t\t\t\t\t\t\t<div class=\"elementor-element elementor-element-7fd50ab7 elementor-widget elementor-widget-heading\" data-id=\"7fd50ab7\" data-element_type=\"widget\" data-widget_type=\"heading.default\">\n\t\t\t\t<div class=\"elementor-widget-container\">\n\t\t\t<h5 class=\"elementor-heading-title elementor-size-default\">Conta banc\u00e1ria<\/h5>\t\t<\/div>\n\t\t\t\t<\/div>\n\t\t\t\t<div class=\"elementor-element elementor-element-1d9ae3cf elementor-widget elementor-widget-heading\" data-id=\"1d9ae3cf\" data-element_type=\"widget\" data-widget_type=\"heading.default\">\n\t\t\t\t<div class=\"elementor-widget-container\">\n\t\t\t<h5 class=\"elementor-heading-title elementor-size-default\">Banco do Brasil<\/h5>\t\t<\/div>\n\t\t\t\t<\/div>\n\t\t\t\t<div class=\"elementor-element elementor-element-45e4c1b6 elementor-widget__width-auto elementor-widget elementor-widget-heading\" data-id=\"45e4c1b6\" data-element_type=\"widget\" data-widget_type=\"heading.default\">\n\t\t\t\t<div class=\"elementor-widget-container\">\n\t\t\t<h5 class=\"elementor-heading-title elementor-size-default\">Ag\u00eancia<\/h5>\t\t<\/div>\n\t\t\t\t<\/div>\n\t\t\t\t<div class=\"elementor-element elementor-element-51a1ce60 elementor-widget__width-auto elementor-widget elementor-widget-heading\" data-id=\"51a1ce60\" data-element_type=\"widget\" data-widget_type=\"heading.default\">\n\t\t\t\t<div class=\"elementor-widget-container\">\n\t\t\t<h5 class=\"elementor-heading-title elementor-size-default\">6805-5<\/h5>\t\t<\/div>\n\t\t\t\t<\/div>\n\t\t\t\t<div class=\"elementor-element elementor-element-372460c2 elementor-widget-divider--view-line elementor-widget elementor-widget-divider\" data-id=\"372460c2\" data-element_type=\"widget\" data-widget_type=\"divider.default\">\n\t\t\t\t<div class=\"elementor-widget-container\">\n\t\t\t<style>\/*! elementor - v3.6.5 - 27-04-2022 *\/\n.elementor-widget-divider{--divider-border-style:none;--divider-border-width:1px;--divider-color:#2c2c2c;--divider-icon-size:20px;--divider-element-spacing:10px;--divider-pattern-height:24px;--divider-pattern-size:20px;--divider-pattern-url:none;--divider-pattern-repeat:repeat-x}.elementor-widget-divider .elementor-divider{display:-webkit-box;display:-ms-flexbox;display:flex}.elementor-widget-divider .elementor-divider__text{font-size:15px;line-height:1;max-width:95%}.elementor-widget-divider .elementor-divider__element{margin:0 var(--divider-element-spacing);-ms-flex-negative:0;flex-shrink:0}.elementor-widget-divider .elementor-icon{font-size:var(--divider-icon-size)}.elementor-widget-divider .elementor-divider-separator{display:-webkit-box;display:-ms-flexbox;display:flex;margin:0;direction:ltr}.elementor-widget-divider--view-line_icon .elementor-divider-separator,.elementor-widget-divider--view-line_text .elementor-divider-separator{-webkit-box-align:center;-ms-flex-align:center;align-items:center}.elementor-widget-divider--view-line_icon .elementor-divider-separator:after,.elementor-widget-divider--view-line_icon .elementor-divider-separator:before,.elementor-widget-divider--view-line_text .elementor-divider-separator:after,.elementor-widget-divider--view-line_text .elementor-divider-separator:before{display:block;content:\"\";border-bottom:0;-webkit-box-flex:1;-ms-flex-positive:1;flex-grow:1;border-top:var(--divider-border-width) var(--divider-border-style) var(--divider-color)}.elementor-widget-divider--element-align-left .elementor-divider .elementor-divider-separator>.elementor-divider__svg:first-of-type{-webkit-box-flex:0;-ms-flex-positive:0;flex-grow:0;-ms-flex-negative:100;flex-shrink:100}.elementor-widget-divider--element-align-left .elementor-divider-separator:before{content:none}.elementor-widget-divider--element-align-left .elementor-divider__element{margin-left:0}.elementor-widget-divider--element-align-right .elementor-divider .elementor-divider-separator>.elementor-divider__svg:last-of-type{-webkit-box-flex:0;-ms-flex-positive:0;flex-grow:0;-ms-flex-negative:100;flex-shrink:100}.elementor-widget-divider--element-align-right .elementor-divider-separator:after{content:none}.elementor-widget-divider--element-align-right .elementor-divider__element{margin-right:0}.elementor-widget-divider:not(.elementor-widget-divider--view-line_text):not(.elementor-widget-divider--view-line_icon) .elementor-divider-separator{border-top:var(--divider-border-width) var(--divider-border-style) var(--divider-color)}.elementor-widget-divider--separator-type-pattern{--divider-border-style:none}.elementor-widget-divider--separator-type-pattern.elementor-widget-divider--view-line .elementor-divider-separator,.elementor-widget-divider--separator-type-pattern:not(.elementor-widget-divider--view-line) .elementor-divider-separator:after,.elementor-widget-divider--separator-type-pattern:not(.elementor-widget-divider--view-line) .elementor-divider-separator:before,.elementor-widget-divider--separator-type-pattern:not([class*=elementor-widget-divider--view]) .elementor-divider-separator{width:100%;min-height:var(--divider-pattern-height);-webkit-mask-size:var(--divider-pattern-size) 100%;mask-size:var(--divider-pattern-size) 100%;-webkit-mask-repeat:var(--divider-pattern-repeat);mask-repeat:var(--divider-pattern-repeat);background-color:var(--divider-color);-webkit-mask-image:var(--divider-pattern-url);mask-image:var(--divider-pattern-url)}.elementor-widget-divider--no-spacing{--divider-pattern-size:auto}.elementor-widget-divider--bg-round{--divider-pattern-repeat:round}.rtl .elementor-widget-divider .elementor-divider__text{direction:rtl}<\/style>\t\t<div class=\"elementor-divider\">\n\t\t\t<span class=\"elementor-divider-separator\">\n\t\t\t\t\t\t<\/span>\n\t\t<\/div>\n\t\t\t\t<\/div>\n\t\t\t\t<\/div>\n\t\t\t\t<div class=\"elementor-element elementor-element-1e916267 elementor-widget__width-auto elementor-widget elementor-widget-heading\" data-id=\"1e916267\" data-element_type=\"widget\" data-widget_type=\"heading.default\">\n\t\t\t\t<div class=\"elementor-widget-container\">\n\t\t\t<h5 class=\"elementor-heading-title elementor-size-default\">Conta corrente<\/h5>\t\t<\/div>\n\t\t\t\t<\/div>\n\t\t\t\t<div class=\"elementor-element elementor-element-215aa8f5 elementor-widget__width-auto elementor-widget elementor-widget-heading\" data-id=\"215aa8f5\" data-element_type=\"widget\" data-widget_type=\"heading.default\">\n\t\t\t\t<div class=\"elementor-widget-container\">\n\t\t\t<h5 class=\"elementor-heading-title elementor-size-default\">37986-7<\/h5>\t\t<\/div>\n\t\t\t\t<\/div>\n\t\t\t\t<div class=\"elementor-element elementor-element-607dc5b0 elementor-widget-divider--view-line elementor-widget elementor-widget-divider\" data-id=\"607dc5b0\" data-element_type=\"widget\" data-widget_type=\"divider.default\">\n\t\t\t\t<div class=\"elementor-widget-container\">\n\t\t\t\t\t<div class=\"elementor-divider\">\n\t\t\t<span class=\"elementor-divider-separator\">\n\t\t\t\t\t\t<\/span>\n\t\t<\/div>\n\t\t\t\t<\/div>\n\t\t\t\t<\/div>\n\t\t\t\t<div class=\"elementor-element elementor-element-21b252a7 elementor-widget__width-auto elementor-widget elementor-widget-heading\" data-id=\"21b252a7\" data-element_type=\"widget\" data-widget_type=\"heading.default\">\n\t\t\t\t<div class=\"elementor-widget-container\">\n\t\t\t<h5 class=\"elementor-heading-title elementor-size-default\">CNPJ<\/h5>\t\t<\/div>\n\t\t\t\t<\/div>\n\t\t\t\t<div class=\"elementor-element elementor-element-6fbea4a1 elementor-widget__width-auto elementor-widget elementor-widget-heading\" data-id=\"6fbea4a1\" data-element_type=\"widget\" data-widget_type=\"heading.default\">\n\t\t\t\t<div class=\"elementor-widget-container\">\n\t\t\t<h5 class=\"elementor-heading-title elementor-size-default\">18.293.356\/0001-26<\/h5>\t\t<\/div>\n\t\t\t\t<\/div>\n\t\t\t\t<div class=\"elementor-element elementor-element-3805a742 elementor-widget elementor-widget-heading\" data-id=\"3805a742\" data-element_type=\"widget\" data-widget_type=\"heading.default\">\n\t\t\t\t<div class=\"elementor-widget-container\">\n\t\t\t<h5 class=\"elementor-heading-title elementor-size-default\">PIX<\/h5>\t\t<\/div>\n\t\t\t\t<\/div>\n\t\t\t\t<div class=\"elementor-element elementor-element-4589654e elementor-widget elementor-widget-html\" data-id=\"4589654e\" data-element_type=\"widget\" data-widget_type=\"html.default\">\n\t\t\t\t<div class=\"elementor-widget-container\">\n\t\t\t<style>\n.tooltip {\n  position: relative;\n  display: inline-block;\n}\n\n.tooltip .tooltiptext {\n  visibility: hidden;\n  width: 140px;\n  background-color: #555;\n  color: #fff;\n  text-align: center;\n  border-radius: 6px;\n  padding: 5px;\n  position: absolute;\n  z-index: 1;\n  bottom: 150%;\n  left: 50%;\n  margin-left: -75px;\n  opacity: 0;\n  transition: opacity 0.3s;\n}\n\n.tooltip .tooltiptext::after {\n  content: \"\";\n  position: absolute;\n  top: 100%;\n  left: 50%;\n  margin-left: -5px;\n  border-width: 5px;\n  border-style: solid;\n  border-color: #555 transparent transparent transparent;\n}\n\n.tooltip:hover .tooltiptext {\n  visibility: visible;\n  opacity: 1;\n}\ninput#pix {\n    background-color: var( --e-global-color-accent );\n    border: none;\n    border-radius: 0px;\n    color: #fff;\n    font-weight: 700;\n    padding: 14px 20px;\n}\n.pix-field{\n    position: relative;\n}\n.tooltip{\n    position: absolute;\n    right: 0px;\n    top: 0px;\n    z-index: 2;\n}\n.tooltip button {\n    background: transparent;\n    border: none;\n}\n<\/style>\n<div class=\"pix-field\">\n    <input type=\"text\" value=\"18.293.356\/0001-26\" id=\"pix\" readonly>\n    \n    <div class=\"tooltip\">\n    <button onclick=\"myFunction()\" onmouseout=\"outFunc()\">\n      <span class=\"tooltiptext\" id=\"myTooltip\">Copiar PIX<\/span>\n      <img decoding=\"async\" src=\"\/wp-content\/uploads\/2021\/11\/copy-icon-abpa.svg\">\n      <\/button>\n    <\/div>\n<\/div>\n<script>\nfunction myFunction() {\n  var copyText = document.getElementById(\"pix\");\n  copyText.select();\n  copyText.setSelectionRange(0, 99999);\n  navigator.clipboard.writeText(copyText.value);\n  \n  var tooltip = document.getElementById(\"myTooltip\");\n  tooltip.innerHTML = \"PIX Copiado!\";\n}\n\nfunction outFunc() {\n  var tooltip = document.getElementById(\"myTooltip\");\n  tooltip.innerHTML = \"Copiar PIX\";\n}\n<\/script>\n\t\t<\/div>\n\t\t\t\t<\/div>\n\t\t\t\t\t<\/div>\n\t\t<\/div>\n\t\t\t\t\t\t\t<\/div>\n\t\t<\/section>\n\t\t\t\t\t\t\t<\/div>\n\t\t","protected":false},"excerpt":{"rendered":"<p>Apoie a ABPA Para realizar doa\u00e7\u00f5es para a ABPA, utilize os dados banc\u00e1rios ao lado.Para outros tipo de apoio ou parcerias, entre em contato pelo email\u00a0contato@abpa.org.br Conta banc\u00e1ria Banco do Brasil Ag\u00eancia 6805-5 Conta corrente 37986-7 CNPJ 18.293.356\/0001-26 PIX Copiar PIX<\/p>\n","protected":false},"author":1,"featured_media":0,"parent":0,"menu_order":0,"comment_status":"closed","ping_status":"closed","template":"","meta":{"footnotes":""},"class_list":["post-2576","page","type-page","status-publish","hentry"],"_links":{"self":[{"href":"https:\/\/abpa.annaerbetta.com\/index.php\/wp-json\/wp\/v2\/pages\/2576","targetHints":{"allow":["GET"]}}],"collection":[{"href":"https:\/\/abpa.annaerbetta.com\/index.php\/wp-json\/wp\/v2\/pages"}],"about":[{"href":"https:\/\/abpa.annaerbetta.com\/index.php\/wp-json\/wp\/v2\/types\/page"}],"author":[{"embeddable":true,"href":"https:\/\/abpa.annaerbetta.com\/index.php\/wp-json\/wp\/v2\/users\/1"}],"replies":[{"embeddable":true,"href":"https:\/\/abpa.annaerbetta.com\/index.php\/wp-json\/wp\/v2\/comments?post=2576"}],"version-history":[{"count":5,"href":"https:\/\/abpa.annaerbetta.com\/index.php\/wp-json\/wp\/v2\/pages\/2576\/revisions"}],"predecessor-version":[{"id":2582,"href":"https:\/\/abpa.annaerbetta.com\/index.php\/wp-json\/wp\/v2\/pages\/2576\/revisions\/2582"}],"wp:attachment":[{"href":"https:\/\/abpa.annaerbetta.com\/index.php\/wp-json\/wp\/v2\/media?parent=2576"}],"curies":[{"name":"wp","href":"https:\/\/api.w.org\/{rel}","templated":true}]}}